
{"id":1015,"date":"2014-07-14T14:49:28","date_gmt":"2014-07-14T14:49:28","guid":{"rendered":"http:\/\/castilloochotorena.com\/wordpress\/?page_id=1015"},"modified":"2014-07-14T15:33:36","modified_gmt":"2014-07-14T15:33:36","slug":"dray-martina","status":"publish","type":"page","link":"http:\/\/castilloochotorena.com\/index.php\/escaparatismo\/dray-martina\/","title":{"rendered":"Dray Martina"},"content":{"rendered":"<p><span style=\"text-decoration: underline;\">Restaurante.<\/span><br \/>\n<span style=\"line-height: 1.6em;\">Dise\u00f1o y ejecuci\u00f3n de ambientaci\u00f3n navide\u00f1a.<\/span><\/p>\n<p><em><span style=\"text-decoration: underline;\">Restaurant.<\/span>\u00a0<\/em><br \/>\n<em>Design and execution of christmas decoration and creation of a decorative installation.<\/em><\/p>\n<p><a href=\"http:\/\/castilloochotorena.com\/wordpress\/wp-content\/uploads\/2014\/03\/IMG_4831.jpg\"><img loading=\"lazy\" decoding=\"async\" class=\"aligncenter\" src=\"http:\/\/castilloochotorena.com\/wordpress\/wp-content\/uploads\/2014\/03\/IMG_4831-1024x768.jpg\" alt=\"castilloochotorena\" width=\"600\" height=\"450\" \/><\/a><\/p>\n<p><a href=\"http:\/\/castilloochotorena.com\/wordpress\/wp-content\/uploads\/2014\/03\/DRAY.jpg\"><img loading=\"lazy\" decoding=\"async\" class=\"aligncenter  wp-image-181\" src=\"http:\/\/castilloochotorena.com\/wordpress\/wp-content\/uploads\/2014\/03\/DRAY-1024x721.jpg\" alt=\"DRAY\" width=\"599\" height=\"422\" srcset=\"http:\/\/castilloochotorena.com\/wordpress\/wp-content\/uploads\/2014\/03\/DRAY-1024x721.jpg 1024w, http:\/\/castilloochotorena.com\/wordpress\/wp-content\/uploads\/2014\/03\/DRAY-300x211.jpg 300w, http:\/\/castilloochotorena.com\/wordpress\/wp-content\/uploads\/2014\/03\/DRAY.jpg 1240w\" sizes=\"auto, (max-width: 599px) 100vw, 599px\" \/><\/a><\/p>\n<p><a href=\"http:\/\/castilloochotorena.com\/wordpress\/wp-content\/uploads\/2014\/03\/IMG_4845.jpg\"><img loading=\"lazy\" decoding=\"async\" class=\"aligncenter\" src=\"http:\/\/castilloochotorena.com\/wordpress\/wp-content\/uploads\/2014\/03\/IMG_4845-1024x768.jpg\" alt=\"castilloochotorena\" width=\"600\" height=\"450\" \/><\/a><\/p>\n","protected":false},"excerpt":{"rendered":"<p>Restaurante. Dise\u00f1o y ejecuci\u00f3n de ambientaci\u00f3n navide\u00f1a. Restaurant.\u00a0 Design and execution of christmas decoration and creation of a decorative installation.<\/p>\n","protected":false},"author":1,"featured_media":0,"parent":1019,"menu_order":0,"comment_status":"closed","ping_status":"closed","template":"","meta":{"_exactmetrics_skip_tracking":false,"_exactmetrics_sitenote_active":false,"_exactmetrics_sitenote_note":"","_exactmetrics_sitenote_category":0,"footnotes":""},"class_list":["post-1015","page","type-page","status-publish","hentry","content-columns-1"],"_links":{"self":[{"href":"http:\/\/castilloochotorena.com\/index.php\/wp-json\/wp\/v2\/pages\/1015","targetHints":{"allow":["GET"]}}],"collection":[{"href":"http:\/\/castilloochotorena.com\/index.php\/wp-json\/wp\/v2\/pages"}],"about":[{"href":"http:\/\/castilloochotorena.com\/index.php\/wp-json\/wp\/v2\/types\/page"}],"author":[{"embeddable":true,"href":"http:\/\/castilloochotorena.com\/index.php\/wp-json\/wp\/v2\/users\/1"}],"replies":[{"embeddable":true,"href":"http:\/\/castilloochotorena.com\/index.php\/wp-json\/wp\/v2\/comments?post=1015"}],"version-history":[{"count":2,"href":"http:\/\/castilloochotorena.com\/index.php\/wp-json\/wp\/v2\/pages\/1015\/revisions"}],"predecessor-version":[{"id":1061,"href":"http:\/\/castilloochotorena.com\/index.php\/wp-json\/wp\/v2\/pages\/1015\/revisions\/1061"}],"up":[{"embeddable":true,"href":"http:\/\/castilloochotorena.com\/index.php\/wp-json\/wp\/v2\/pages\/1019"}],"wp:attachment":[{"href":"http:\/\/castilloochotorena.com\/index.php\/wp-json\/wp\/v2\/media?parent=1015"}],"curies":[{"name":"wp","href":"https:\/\/api.w.org\/{rel}","templated":true}]}}