
{"id":1050,"date":"2014-07-14T15:24:18","date_gmt":"2014-07-14T15:24:18","guid":{"rendered":"http:\/\/castilloochotorena.com\/wordpress\/?page_id=1050"},"modified":"2014-07-14T17:04:59","modified_gmt":"2014-07-14T17:04:59","slug":"lefrik","status":"publish","type":"page","link":"http:\/\/castilloochotorena.com\/index.php\/diseno-grafico\/lefrik\/","title":{"rendered":"Lefrik"},"content":{"rendered":"<div><span style=\"text-decoration: underline;\">Marca de accesorios para viajes y\u00a0organizaci\u00f3n.<\/span><\/div>\n<div>Dise\u00f1o gr\u00e1fico e imagen.<\/div>\n<div><\/div>\n<div>\n<div><span style=\"text-decoration: underline;\"><em>Travel and organization accesories brand.<\/em><\/span><\/div>\n<div><em>Graphic design and image.<\/em><\/div>\n<div style=\"text-align: center;\"><\/div>\n<div style=\"text-align: center;\"><\/div>\n<div style=\"text-align: center;\"><a href=\"http:\/\/castilloochotorena.com\/wordpress\/wp-content\/uploads\/2014\/03\/ed90ef1a2ee5b44279ab951cd7d02732.jpg\"><img loading=\"lazy\" decoding=\"async\" src=\"http:\/\/castilloochotorena.com\/wordpress\/wp-content\/uploads\/2014\/03\/ed90ef1a2ee5b44279ab951cd7d02732.jpg\" alt=\"lefrik - castilloochotorena\" width=\"600\" height=\"800\" \/><\/a><\/div>\n<div style=\"text-align: center;\"><\/div>\n<div style=\"text-align: center;\"><\/div>\n<div style=\"text-align: center;\"><a href=\"http:\/\/castilloochotorena.com\/wordpress\/wp-content\/uploads\/2014\/03\/eecd027e5ea68fdf100e3efe064385b6.jpg\"><img loading=\"lazy\" decoding=\"async\" src=\"http:\/\/castilloochotorena.com\/wordpress\/wp-content\/uploads\/2014\/03\/eecd027e5ea68fdf100e3efe064385b6.jpg\" alt=\"lefrik - castilloochotorena\" width=\"600\" height=\"700\" \/><\/a><\/div>\n<div style=\"text-align: center;\"><\/div>\n<div style=\"text-align: center;\"><\/div>\n<div style=\"text-align: center;\"><a href=\"http:\/\/castilloochotorena.com\/wordpress\/wp-content\/uploads\/2014\/03\/cf23e63fae38df3c65c067f71c38e7c4.jpg\"><img loading=\"lazy\" decoding=\"async\" src=\"http:\/\/castilloochotorena.com\/wordpress\/wp-content\/uploads\/2014\/03\/cf23e63fae38df3c65c067f71c38e7c4.jpg\" alt=\"lefrik - castilloochotorena\" width=\"600\" height=\"424\" \/><\/a><\/div>\n<div style=\"text-align: center;\"><\/div>\n<div style=\"text-align: center;\"><a href=\"http:\/\/castilloochotorena.com\/wordpress\/wp-content\/uploads\/2014\/03\/c44d8869fdb863d85c4dad6901111e87.jpg\"><img loading=\"lazy\" decoding=\"async\" src=\"http:\/\/castilloochotorena.com\/wordpress\/wp-content\/uploads\/2014\/03\/c44d8869fdb863d85c4dad6901111e87.jpg\" alt=\"lefrik - castilloochotorena\" width=\"600\" height=\"466\" \/><\/a><\/div>\n<div style=\"text-align: center;\"><\/div>\n<div style=\"text-align: center;\"><\/div>\n<div style=\"text-align: center;\"><a href=\"http:\/\/castilloochotorena.com\/wordpress\/wp-content\/uploads\/2014\/03\/b31f1473d155e1687ce33f5fddc1c809.jpg\"><img loading=\"lazy\" decoding=\"async\" src=\"http:\/\/castilloochotorena.com\/wordpress\/wp-content\/uploads\/2014\/03\/b31f1473d155e1687ce33f5fddc1c809.jpg\" alt=\"lefrik - castilloochotorena\" width=\"560\" height=\"560\" \/><\/a><\/div>\n<div style=\"text-align: center;\"><\/div>\n<div style=\"text-align: center;\"><a href=\"http:\/\/castilloochotorena.com\/wordpress\/wp-content\/uploads\/2014\/03\/a55bdce0a791705a159973752bff9394.jpg\"><img loading=\"lazy\" decoding=\"async\" src=\"http:\/\/castilloochotorena.com\/wordpress\/wp-content\/uploads\/2014\/03\/a55bdce0a791705a159973752bff9394.jpg\" alt=\"lefrik - castilloochotorena\" width=\"600\" height=\"246\" \/><\/a> <a href=\"http:\/\/castilloochotorena.com\/wordpress\/wp-content\/uploads\/2014\/03\/5745130bcf8a523431f530b5f94f7fa1.jpg\"><img loading=\"lazy\" decoding=\"async\" src=\"http:\/\/castilloochotorena.com\/wordpress\/wp-content\/uploads\/2014\/03\/5745130bcf8a523431f530b5f94f7fa1.jpg\" alt=\"lefrik - castilloochotorena\" width=\"600\" height=\"759\" \/><\/a><\/div>\n<div style=\"text-align: center;\"><\/div>\n<div style=\"text-align: center;\"><a href=\"http:\/\/castilloochotorena.com\/wordpress\/wp-content\/uploads\/2014\/03\/42292a749d95ede217568f256d07cbca.jpg\"><img loading=\"lazy\" decoding=\"async\" src=\"http:\/\/castilloochotorena.com\/wordpress\/wp-content\/uploads\/2014\/03\/42292a749d95ede217568f256d07cbca.jpg\" alt=\"lefrik - castilloochotorena\" width=\"600\" height=\"804\" \/><\/a><\/div>\n<div style=\"text-align: center;\"><\/div>\n<div style=\"text-align: center;\"><a href=\"http:\/\/castilloochotorena.com\/wordpress\/wp-content\/uploads\/2014\/03\/2342d8f5547263bc8d70cd70f0776516.jpg\"><img loading=\"lazy\" decoding=\"async\" src=\"http:\/\/castilloochotorena.com\/wordpress\/wp-content\/uploads\/2014\/03\/2342d8f5547263bc8d70cd70f0776516.jpg\" alt=\"lefrik - castilloochotorena\" width=\"560\" height=\"560\" \/><\/a><\/div>\n<div style=\"text-align: center;\"><\/div>\n<div style=\"text-align: center;\"><a href=\"http:\/\/castilloochotorena.com\/wordpress\/wp-content\/uploads\/2014\/03\/632c51046dd756adeeb500394df5923b.jpg\"><img loading=\"lazy\" decoding=\"async\" src=\"http:\/\/castilloochotorena.com\/wordpress\/wp-content\/uploads\/2014\/03\/632c51046dd756adeeb500394df5923b.jpg\" alt=\"lefrik - castilloochotorena\" width=\"600\" height=\"423\" \/><\/a><\/div>\n<div style=\"text-align: center;\"><\/div>\n<div><a href=\"http:\/\/castilloochotorena.com\/wordpress\/wp-content\/uploads\/2014\/03\/56a768e9b32e2b1eb973fddf028cd66f.jpg\"><img loading=\"lazy\" decoding=\"async\" class=\"aligncenter\" src=\"http:\/\/castilloochotorena.com\/wordpress\/wp-content\/uploads\/2014\/03\/56a768e9b32e2b1eb973fddf028cd66f.jpg\" alt=\"lefrik - castilloochotorena\" width=\"600\" height=\"409\" \/><\/a><\/div>\n<\/div>\n","protected":false},"excerpt":{"rendered":"<p>Marca de accesorios para viajes y\u00a0organizaci\u00f3n. Dise\u00f1o gr\u00e1fico e imagen. Travel and organization accesories brand. Graphic design and image.<\/p>\n","protected":false},"author":1,"featured_media":0,"parent":1011,"menu_order":0,"comment_status":"closed","ping_status":"closed","template":"","meta":{"_exactmetrics_skip_tracking":false,"_exactmetrics_sitenote_active":false,"_exactmetrics_sitenote_note":"","_exactmetrics_sitenote_category":0,"footnotes":""},"class_list":["post-1050","page","type-page","status-publish","hentry","content-columns-1"],"_links":{"self":[{"href":"http:\/\/castilloochotorena.com\/index.php\/wp-json\/wp\/v2\/pages\/1050","targetHints":{"allow":["GET"]}}],"collection":[{"href":"http:\/\/castilloochotorena.com\/index.php\/wp-json\/wp\/v2\/pages"}],"about":[{"href":"http:\/\/castilloochotorena.com\/index.php\/wp-json\/wp\/v2\/types\/page"}],"author":[{"embeddable":true,"href":"http:\/\/castilloochotorena.com\/index.php\/wp-json\/wp\/v2\/users\/1"}],"replies":[{"embeddable":true,"href":"http:\/\/castilloochotorena.com\/index.php\/wp-json\/wp\/v2\/comments?post=1050"}],"version-history":[{"count":4,"href":"http:\/\/castilloochotorena.com\/index.php\/wp-json\/wp\/v2\/pages\/1050\/revisions"}],"predecessor-version":[{"id":1133,"href":"http:\/\/castilloochotorena.com\/index.php\/wp-json\/wp\/v2\/pages\/1050\/revisions\/1133"}],"up":[{"embeddable":true,"href":"http:\/\/castilloochotorena.com\/index.php\/wp-json\/wp\/v2\/pages\/1011"}],"wp:attachment":[{"href":"http:\/\/castilloochotorena.com\/index.php\/wp-json\/wp\/v2\/media?parent=1050"}],"curies":[{"name":"wp","href":"https:\/\/api.w.org\/{rel}","templated":true}]}}