
{"id":1062,"date":"2014-07-14T15:38:40","date_gmt":"2014-07-14T15:38:40","guid":{"rendered":"http:\/\/castilloochotorena.com\/wordpress\/?page_id=1062"},"modified":"2014-07-14T15:39:00","modified_gmt":"2014-07-14T15:39:00","slug":"1062-2","status":"publish","type":"page","link":"http:\/\/castilloochotorena.com\/index.php\/escaparatismo\/1062-2\/","title":{"rendered":"Madrid In Love"},"content":{"rendered":"<p><span style=\"text-decoration: underline;\">Tienda temporal.<\/span><br \/>\nDise\u00f1o y ejecuci\u00f3n de instalaci\u00f3n decorativa y separadora de puestos.<\/p>\n<p><span style=\"text-decoration: underline;\"><em>Pop up store.<\/em><\/span><br \/>\n<em>Design and creation of decorative installation and divider between stands.<\/em><\/p>\n<p><a href=\"http:\/\/castilloochotorena.com\/wordpress\/wp-content\/uploads\/2014\/03\/MIL-13-1.jpg\"><img loading=\"lazy\" decoding=\"async\" class=\"aligncenter size-large wp-image-153\" src=\"http:\/\/castilloochotorena.com\/wordpress\/wp-content\/uploads\/2014\/03\/MIL-13-1-1024x768.jpg\" alt=\"madrid in love - castilloochotorena\" width=\"904\" height=\"678\" srcset=\"http:\/\/castilloochotorena.com\/wordpress\/wp-content\/uploads\/2014\/03\/MIL-13-1-1024x768.jpg 1024w, http:\/\/castilloochotorena.com\/wordpress\/wp-content\/uploads\/2014\/03\/MIL-13-1-300x225.jpg 300w\" sizes=\"auto, (max-width: 904px) 100vw, 904px\" \/><\/a><\/p>\n<p><a href=\"http:\/\/castilloochotorena.com\/wordpress\/wp-content\/uploads\/2014\/03\/MIL-13-3.jpg\"><img loading=\"lazy\" decoding=\"async\" class=\"aligncenter size-large wp-image-155\" src=\"http:\/\/castilloochotorena.com\/wordpress\/wp-content\/uploads\/2014\/03\/MIL-13-3-1024x768.jpg\" alt=\"madrid in love - castilloochotorena\" width=\"904\" height=\"678\" srcset=\"http:\/\/castilloochotorena.com\/wordpress\/wp-content\/uploads\/2014\/03\/MIL-13-3-1024x768.jpg 1024w, http:\/\/castilloochotorena.com\/wordpress\/wp-content\/uploads\/2014\/03\/MIL-13-3-300x225.jpg 300w\" sizes=\"auto, (max-width: 904px) 100vw, 904px\" \/><\/a><\/p>\n<p><a href=\"http:\/\/castilloochotorena.com\/wordpress\/wp-content\/uploads\/2014\/03\/MIL-13-2.jpg\"><img loading=\"lazy\" decoding=\"async\" class=\"aligncenter size-large wp-image-154\" src=\"http:\/\/castilloochotorena.com\/wordpress\/wp-content\/uploads\/2014\/03\/MIL-13-2-1024x768.jpg\" alt=\"madrid in love - castilloochotorenaMIL-13-2\" width=\"904\" height=\"678\" srcset=\"http:\/\/castilloochotorena.com\/wordpress\/wp-content\/uploads\/2014\/03\/MIL-13-2-1024x768.jpg 1024w, http:\/\/castilloochotorena.com\/wordpress\/wp-content\/uploads\/2014\/03\/MIL-13-2-300x225.jpg 300w\" sizes=\"auto, (max-width: 904px) 100vw, 904px\" \/><\/a><\/p>\n<p><a href=\"http:\/\/castilloochotorena.com\/wordpress\/wp-content\/uploads\/2014\/03\/MIL-13-5.jpg\"><img loading=\"lazy\" decoding=\"async\" class=\"aligncenter size-large wp-image-157\" src=\"http:\/\/castilloochotorena.com\/wordpress\/wp-content\/uploads\/2014\/03\/MIL-13-5-768x1024.jpg\" alt=\"madrid in love - castilloochotorena\" width=\"768\" height=\"1024\" srcset=\"http:\/\/castilloochotorena.com\/wordpress\/wp-content\/uploads\/2014\/03\/MIL-13-5-768x1024.jpg 768w, http:\/\/castilloochotorena.com\/wordpress\/wp-content\/uploads\/2014\/03\/MIL-13-5-225x300.jpg 225w\" sizes=\"auto, (max-width: 768px) 100vw, 768px\" \/><\/a><\/p>\n<p><a href=\"http:\/\/castilloochotorena.com\/wordpress\/wp-content\/uploads\/2014\/03\/MIL-13-4.jpg\"><img loading=\"lazy\" decoding=\"async\" class=\"aligncenter size-large wp-image-156\" src=\"http:\/\/castilloochotorena.com\/wordpress\/wp-content\/uploads\/2014\/03\/MIL-13-4-768x1024.jpg\" alt=\"madrid in love - castilloochotorena\" width=\"768\" height=\"1024\" srcset=\"http:\/\/castilloochotorena.com\/wordpress\/wp-content\/uploads\/2014\/03\/MIL-13-4-768x1024.jpg 768w, http:\/\/castilloochotorena.com\/wordpress\/wp-content\/uploads\/2014\/03\/MIL-13-4-225x300.jpg 225w\" sizes=\"auto, (max-width: 768px) 100vw, 768px\" \/><\/a><\/p>\n","protected":false},"excerpt":{"rendered":"<p>Tienda temporal. Dise\u00f1o y ejecuci\u00f3n de instalaci\u00f3n decorativa y separadora de puestos. Pop up store. Design and creation of decorative installation and divider between stands.<\/p>\n","protected":false},"author":1,"featured_media":0,"parent":1019,"menu_order":0,"comment_status":"closed","ping_status":"closed","template":"","meta":{"_exactmetrics_skip_tracking":false,"_exactmetrics_sitenote_active":false,"_exactmetrics_sitenote_note":"","_exactmetrics_sitenote_category":0,"footnotes":""},"class_list":["post-1062","page","type-page","status-publish","hentry","content-columns-1"],"_links":{"self":[{"href":"http:\/\/castilloochotorena.com\/index.php\/wp-json\/wp\/v2\/pages\/1062","targetHints":{"allow":["GET"]}}],"collection":[{"href":"http:\/\/castilloochotorena.com\/index.php\/wp-json\/wp\/v2\/pages"}],"about":[{"href":"http:\/\/castilloochotorena.com\/index.php\/wp-json\/wp\/v2\/types\/page"}],"author":[{"embeddable":true,"href":"http:\/\/castilloochotorena.com\/index.php\/wp-json\/wp\/v2\/users\/1"}],"replies":[{"embeddable":true,"href":"http:\/\/castilloochotorena.com\/index.php\/wp-json\/wp\/v2\/comments?post=1062"}],"version-history":[{"count":2,"href":"http:\/\/castilloochotorena.com\/index.php\/wp-json\/wp\/v2\/pages\/1062\/revisions"}],"predecessor-version":[{"id":1064,"href":"http:\/\/castilloochotorena.com\/index.php\/wp-json\/wp\/v2\/pages\/1062\/revisions\/1064"}],"up":[{"embeddable":true,"href":"http:\/\/castilloochotorena.com\/index.php\/wp-json\/wp\/v2\/pages\/1019"}],"wp:attachment":[{"href":"http:\/\/castilloochotorena.com\/index.php\/wp-json\/wp\/v2\/media?parent=1062"}],"curies":[{"name":"wp","href":"https:\/\/api.w.org\/{rel}","templated":true}]}}