
{"id":940,"date":"2014-07-11T15:16:18","date_gmt":"2014-07-11T15:16:18","guid":{"rendered":"http:\/\/castilloochotorena.com\/wordpress\/?page_id=940"},"modified":"2022-10-24T22:06:15","modified_gmt":"2022-10-24T22:06:15","slug":"about-me-2","status":"publish","type":"page","link":"http:\/\/castilloochotorena.com\/index.php\/about-me\/about-me-2\/","title":{"rendered":"Sobre m\u00ed"},"content":{"rendered":"\n<p><a href=\"http:\/\/castilloochotorena.com\/wordpress\/wp-content\/uploads\/2018\/01\/DOSSIER_CASTILLOOCHOTORENA-final.pdf\"><span class=\"has-inline-color has-black-color\">Descargar<\/span><\/a> <span class=\"has-inline-color has-black-color\">Dossier CASTILLOOCHOTORENA<\/span> <strong><span class=\"has-inline-color has-vivid-red-color\">ARTE<\/span><\/strong> \/ <em>ART<\/em><\/p>\n\n\n\n<p><a href=\"http:\/\/castilloochotorena.com\/wordpress\/wp-content\/uploads\/2022\/10\/dossier-castilloochotorena_oct22.pdf\"><span class=\"has-inline-color has-black-color\">Descargar<\/span><\/a><span class=\"has-inline-color has-black-color\"> Dossier CASTILLOOCHOTORENA<\/span> &#8211; <strong><span class=\"has-inline-color has-vivid-red-color\">MARKETING<\/span><\/strong> \/ <em><a href=\"http:\/\/castilloochotorena.com\/wordpress\/wp-content\/uploads\/2022\/10\/dossier-castilloochotorena_oct22-ENGLISH.pdf\"><span class=\"has-inline-color has-black-color\">Download<\/span><\/a><\/em> Dossier in English<\/p>\n\n\n<p><a href=\"http:\/\/castilloochotorena.com\/wordpress\/wp-content\/uploads\/2014\/07\/IMG-20130611-WA0001-e1453811738371.jpg\" rel=\"attachment wp-att-1438\"><img loading=\"lazy\" decoding=\"async\" class=\"wp-image-1438 alignright\" src=\"http:\/\/castilloochotorena.com\/wordpress\/wp-content\/uploads\/2014\/07\/IMG-20130611-WA0001-e1453811738371.jpg\" alt=\"\" width=\"216\" height=\"268\" srcset=\"http:\/\/castilloochotorena.com\/wordpress\/wp-content\/uploads\/2014\/07\/IMG-20130611-WA0001-e1453811738371.jpg 448w, http:\/\/castilloochotorena.com\/wordpress\/wp-content\/uploads\/2014\/07\/IMG-20130611-WA0001-e1453811738371-242x300.jpg 242w\" sizes=\"auto, (max-width: 216px) 100vw, 216px\" \/><\/a>Fernando Castillo Ochotorena (Almer\u00eda, 1975) formado en Derecho y Marketing, comenz\u00f3 su carrera profesional centr\u00e1ndose en el mundo de lo visual, arm\u00f3nico y est\u00e9tico. Como Director de Arte independiente para diferentes firmas de moda y dise\u00f1ador escenograf\u00edas de producto y escaparatismo, comenz\u00f3 a desarrollar estructuras que serv\u00edan de apoyo a la exhibici\u00f3n. A partir de estas instalaciones, Castillo Ochotorena comenz\u00f3 a evolucionar su trabajo art\u00edstico: poliedros surgidos de lo decorativo, que actualmente se elevan al terreno de lo escult\u00f3rico.<\/p>\n<p>Autodidacta, Castillo Ochotorena crea su se\u00f1a de identidad con las piezas suspendidas o sobremesa, que oscilan entre la bidimensionalidad y la tridimensionalidad, y la sencillez de la estructura b\u00e1sica, constructiva. Piezas taxativas pero de materiales comunes, elevados a obra de arte, en las que el espectador debe decidir c\u00f3mo interact\u00faa sin que el artista entre a discutirla, obras que habitualmente no llevan asociado un t\u00edtulo y que est\u00e1n abiertas al disfrute m\u00e1s personal.<\/p>\n<p>Es la ausencia de una lectura establecida lo que crea el car\u00e1cter cambiante de sus esculturas, el movimiento, la posibilidad de que puedan servir para imaginar formas y que cada observador cree un espacio de interacci\u00f3n en el que las posibilidades son infinitas.<\/p>\n<p>Sus instalaciones fluyen por el espacio, que las rodea proyectando sombras inesperadas, pareciendo et\u00e9reas y livianas, creando una doble materia, la que se ve y la sombra que proyectan, desarrollando dos espacios que se yuxtaponen entre si. Castillo Ochotorena no quiere que sean lejanas e inalcanzables sino que las crea buscando la interacci\u00f3n con el espacio y el espectador para que se sumerjan en ellas.<\/p>\n<hr \/>\n<p class=\"p1\"><span class=\"s1\"><i>Fernando Castillo Ochotorena (Almer\u00eda, 1975) started his career freelancing as Art Director and Set Designer for different fashion brands. This work sets the basis for Castillo Ochotorena\u2019s current artwork and boosts its evolution from decoration objects to proper sculpture.<\/i><\/span><\/p>\n<p class=\"p1\"><span class=\"s1\"><i>Self-taught and graduated in Law, Castillo Ochotorena finds his inspiration on geometric art, fashion and travelling to create shapes oscillating between two and three-dimensions, abstract and figurative interpretation and a link of Spanish Painting and Sculpture with the\u00a0simplicity of a constructive\u00a0basic\u00a0structure. <\/i><\/span><span class=\"s1\"><i>Sculpture\u2019s changing nature is essential for the artist, its motion and the endless shapes it offers to each viewer.<\/i><\/span><\/p>\n<p class=\"p1\"><span class=\"s1\"><i>His large installations flow through the space projecting unexpected shadows. They\u2019re not elusive, to the contrary viewers are encouraged to interact with them and inmerse in them.\u00a0<\/i><\/span><\/p>\n<p class=\"p1\"><span class=\"s1\"><i>Materials are warm and simple like wood and leather, or inspiring like brass and methacrylate that together creates a material language.<\/i><\/span><\/p>\n<p>\u00a0<\/p>\n<p>\u00a0<\/p>","protected":false},"excerpt":{"rendered":"<p>Descargar Dossier CASTILLOOCHOTORENA ARTE \/ ART Descargar Dossier CASTILLOOCHOTORENA &#8211; MARKETING \/ Download Dossier in English Fernando Castillo Ochotorena (Almer\u00eda, 1975) formado en Derecho y Marketing, comenz\u00f3 su carrera profesional centr\u00e1ndose en el mundo de lo visual, arm\u00f3nico y est\u00e9tico. Como Director de Arte independiente para diferentes firmas de moda y dise\u00f1ador escenograf\u00edas de producto [&hellip;]<\/p>\n","protected":false},"author":1,"featured_media":0,"parent":925,"menu_order":0,"comment_status":"closed","ping_status":"closed","template":"","meta":{"_exactmetrics_skip_tracking":false,"_exactmetrics_sitenote_active":false,"_exactmetrics_sitenote_note":"","_exactmetrics_sitenote_category":0,"footnotes":""},"class_list":["post-940","page","type-page","status-publish","hentry","content-columns-1"],"_links":{"self":[{"href":"http:\/\/castilloochotorena.com\/index.php\/wp-json\/wp\/v2\/pages\/940","targetHints":{"allow":["GET"]}}],"collection":[{"href":"http:\/\/castilloochotorena.com\/index.php\/wp-json\/wp\/v2\/pages"}],"about":[{"href":"http:\/\/castilloochotorena.com\/index.php\/wp-json\/wp\/v2\/types\/page"}],"author":[{"embeddable":true,"href":"http:\/\/castilloochotorena.com\/index.php\/wp-json\/wp\/v2\/users\/1"}],"replies":[{"embeddable":true,"href":"http:\/\/castilloochotorena.com\/index.php\/wp-json\/wp\/v2\/comments?post=940"}],"version-history":[{"count":27,"href":"http:\/\/castilloochotorena.com\/index.php\/wp-json\/wp\/v2\/pages\/940\/revisions"}],"predecessor-version":[{"id":1948,"href":"http:\/\/castilloochotorena.com\/index.php\/wp-json\/wp\/v2\/pages\/940\/revisions\/1948"}],"up":[{"embeddable":true,"href":"http:\/\/castilloochotorena.com\/index.php\/wp-json\/wp\/v2\/pages\/925"}],"wp:attachment":[{"href":"http:\/\/castilloochotorena.com\/index.php\/wp-json\/wp\/v2\/media?parent=940"}],"curies":[{"name":"wp","href":"https:\/\/api.w.org\/{rel}","templated":true}]}}